{"id":1732,"date":"2018-10-29T12:36:37","date_gmt":"2018-10-29T11:36:37","guid":{"rendered":"http:\/\/pulsation-dampers-hidracar.com\/productos\/"},"modified":"2026-02-19T11:24:04","modified_gmt":"2026-02-19T10:24:04","slug":"products","status":"publish","type":"page","link":"https:\/\/pulsation-dampers-hidracar.com\/en\/products\/","title":{"rendered":"Products"},"content":{"rendered":"<div id=\"dslc-theme-content\"><div id=\"dslc-theme-content-inner\"><div class=\"wpb-content-wrapper\"><section class=\"l-section wpb_row height_medium with_img\" id=\"hd-md\"><div class=\"l-section-img\" style=\"background-image: url(https:\/\/pulsation-dampers-hidracar.com\/wp-content\/uploads\/2019\/05\/Productos-Hidracar.jpg);\" data-img-width=\"1400\" data-img-height=\"445\"><\/div><div class=\"l-section-h i-cf\"><div class=\"g-cols vc_row type_default valign_top\"><div class=\"vc_col-sm-12 wpb_column vc_column_container\"><div class=\"vc_column-inner\"><div class=\"wpb_wrapper\">\n\t<div class=\"wpb_text_column  ttl\">\n\t\t<div class=\"wpb_wrapper\">\n\t\t\t<h1 style=\"text-align: center;\">QUALITY IN EVERY SINGLE DETAIL<\/h1>\n\n\t\t<\/div>\n\t<\/div>\n<\/div><\/div><\/div><\/div><\/div><\/section><section class=\"l-section wpb_row height_medium\"><div class=\"l-section-h i-cf\"><div class=\"g-cols vc_row type_default valign_top\"><div class=\"vc_col-sm-12 wpb_column vc_column_container\"><div class=\"vc_column-inner\"><div class=\"wpb_wrapper\">\n\t<div class=\"wpb_text_column  txt\">\n\t\t<div class=\"wpb_wrapper\">\n\t\t\t<p class=\"p1\" style=\"text-align: center;\"><span class=\"s1\">Our R+D+I team works on the continuous improvement of our products and the implementation of new technologies. The launch of new products, capable of meeting increasingly demanding requirements, is a priority for us.<\/span><\/p>\n\n\t\t<\/div>\n\t<\/div>\n<\/div><\/div><\/div><\/div><\/div><\/section><section class=\"l-section wpb_row height_medium with_img productos-md page-product\"><div class=\"l-section-img\" style=\"background-image: url(https:\/\/pulsation-dampers-hidracar.com\/wp-content\/uploads\/2019\/05\/hidracar-amortiguadores-home.jpg);\" data-img-width=\"2200\" data-img-height=\"649\"><\/div><div class=\"l-section-h i-cf\"><div class=\"g-cols vc_row type_default valign_top\"><div class=\"vc_col-sm-6 wpb_column vc_column_container texto-info\"><div class=\"vc_column-inner\"><div class=\"wpb_wrapper\">\n\t<div class=\"wpb_text_column  descrp\">\n\t\t<div class=\"wpb_wrapper\">\n\t\t\t<h2>HIDRACAR<br \/>\nPULSATION DAMPERS<\/h2>\n\n\t\t<\/div>\n\t<\/div>\n\n\t<div class=\"wpb_text_column  txt\">\n\t\t<div class=\"wpb_wrapper\">\n\t\t\t<p style=\"text-align: left;\">Since 1974 <strong>HIDRACAR S.A.<\/strong> manufactures pulsation dampers for installation in circuits equipped with dosing pumps.<\/p>\n<p>We have positioned our brand in the world market as one of the most important manufacturers of pulsation dampers. The most important manufacturers of dosing pumps and worldwide engineering are included in our client\u2019s directory.<\/p>\n\n\t\t<\/div>\n\t<\/div>\n<div class=\"w-btn-wrapper align_left\"><a class=\"w-btn style_flat color_custom icon_atright\" href=\"https:\/\/pulsation-dampers-hidracar.com\/en\/products\/pulsation-dampeners\/\" style=\"font-size:20px;background-color:#1f1f1f;color:#ffffff;\"><i class=\"fas fa-angle-double-right\"><\/i><span class=\"w-btn-label\">See products<\/span><\/a><\/div><div class=\"w-btn-wrapper align_left\"><a class=\"w-btn style_flat color_custom icon_atright\" href=\"https:\/\/pulsation-dampers-hidracar.com\/wp-content\/uploads\/2026\/02\/BDOS_english_2026-02_rev.26.0.pdf\" target=\"_blank\" style=\"font-size:20px;background-color:#1f1f1f;color:#ffffff;\"><i class=\"fas fa-angle-double-right\"><\/i><span class=\"w-btn-label\">See catalogue<\/span><\/a><\/div><\/div><\/div><\/div><div class=\"vc_col-sm-6 wpb_column vc_column_container\"><div class=\"vc_column-inner\"><div class=\"wpb_wrapper\"><\/div><\/div><\/div><\/div><\/div><\/section><section class=\"l-section wpb_row height_medium with_img productos-md page-product\"><div class=\"l-section-img\" style=\"background-image: url(https:\/\/pulsation-dampers-hidracar.com\/wp-content\/uploads\/2018\/12\/hidracar-para-la-industria-2.png);\" data-img-width=\"2200\" data-img-height=\"649\"><\/div><div class=\"l-section-h i-cf\"><div class=\"g-cols vc_row type_default valign_top\"><div class=\"vc_col-sm-6 wpb_column vc_column_container\"><div class=\"vc_column-inner\"><div class=\"wpb_wrapper\"><\/div><\/div><\/div><div class=\"vc_col-sm-6 wpb_column vc_column_container texto-info\"><div class=\"vc_column-inner\"><div class=\"wpb_wrapper\">\n\t<div class=\"wpb_text_column  descrp\">\n\t\t<div class=\"wpb_wrapper\">\n\t\t\t<h2>HIDRACAR<br \/>\nFOR INDUSTRY<\/h2>\n\n\t\t<\/div>\n\t<\/div>\n\n\t<div class=\"wpb_text_column  txt\">\n\t\t<div class=\"wpb_wrapper\">\n\t\t\t<p style=\"text-align: left;\"><strong>HIDRACAR S.A.<\/strong> manufactures oleo-pneumatic bladder and piston accumulators for all types of applications in industry.<\/p>\n<p>We also develop shock absorbers for application in different fields: stroke ends, rail, elevators among others.<\/p>\n<p>We also manufacture hydrostatic dynamometers, starters for ship diesel engines, tensioners for conveyor belts and air storage tanks, among others.<\/p>\n\n\t\t<\/div>\n\t<\/div>\n<div class=\"w-btn-wrapper align_left\"><a class=\"w-btn style_flat color_custom icon_atright\" href=\"https:\/\/pulsation-dampers-hidracar.com\/en\/product\/oleo-pneumatic-accumulators\/\" style=\"background-color:#1f1f1f;color:#ffffff;\"><i class=\"fas fa-angle-double-right\"><\/i><span class=\"w-btn-label\">OLEO-PNEUMATIC ACCUMULATORS<\/span><\/a><\/div><div class=\"w-btn-wrapper align_left\"><a class=\"w-btn style_flat color_custom icon_atright\" href=\"https:\/\/pulsation-dampers-hidracar.com\/en\/product\/nitrogen-gas-spring\/\" style=\"background-color:#1f1f1f;color:#ffffff;\"><i class=\"fas fa-angle-double-right\"><\/i><span class=\"w-btn-label\">NITROGEN GAS SPRING<\/span><\/a><\/div><div class=\"w-btn-wrapper align_left\"><a class=\"w-btn style_flat color_custom icon_atright\" href=\"https:\/\/pulsation-dampers-hidracar.com\/en\/product\/oleo-pneumatic-shockabsorber\/\" style=\"background-color:#1f1f1f;color:#ffffff;\"><i class=\"fas fa-angle-double-right\"><\/i><span class=\"w-btn-label\">OLEO-PNEUMATIC SHOCKABSORBER<\/span><\/a><\/div><div class=\"w-btn-wrapper align_left\"><a class=\"w-btn style_flat color_custom icon_atright\" href=\"https:\/\/pulsation-dampers-hidracar.com\/en\/product\/hydrostatic-dynamometers\/\" style=\"background-color:#1f1f1f;color:#ffffff;\"><i class=\"fas fa-angle-double-right\"><\/i><span class=\"w-btn-label\">HYDROSTATIC DYNAMOMETERS<\/span><\/a><\/div><div class=\"w-btn-wrapper align_left\"><a class=\"w-btn style_flat color_custom icon_atright\" href=\"https:\/\/pulsation-dampers-hidracar.com\/en\/product\/tensioners-for-conveyor-belts\/\" style=\"background-color:#1f1f1f;color:#ffffff;\"><i class=\"fas fa-angle-double-right\"><\/i><span class=\"w-btn-label\">TENSIONERS FOR CONVEYOR BELTS<\/span><\/a><\/div><div class=\"w-btn-wrapper align_left\"><a class=\"w-btn style_flat color_custom icon_atright\" href=\"https:\/\/pulsation-dampers-hidracar.com\/en\/product\/air-storage-tank\/\" style=\"background-color:#1f1f1f;color:#ffffff;\"><i class=\"fas fa-angle-double-right\"><\/i><span class=\"w-btn-label\">AIR STORAGE TANK<\/span><\/a><\/div><div class=\"w-btn-wrapper align_left\"><a class=\"w-btn style_flat color_custom icon_atright\" href=\"https:\/\/pulsation-dampers-hidracar.com\/en\/product\/starters-for-diesel-engines\/\" style=\"background-color:#1f1f1f;color:#ffffff;\"><i class=\"fas fa-angle-double-right\"><\/i><span class=\"w-btn-label\">STARTERS FOR DIESEL ENGINES<\/span><\/a><\/div><\/div><\/div><\/div><\/div><\/div><\/section><section class=\"l-section wpb_row height_medium with_img productos-md page-product\"><div class=\"l-section-img\" style=\"background-image: url(https:\/\/pulsation-dampers-hidracar.com\/wp-content\/uploads\/2018\/12\/hidracar-para-agricultura.png);\" data-img-width=\"2200\" data-img-height=\"649\"><\/div><div class=\"l-section-h i-cf\"><div class=\"g-cols vc_row type_default valign_top\"><div class=\"vc_col-sm-6 wpb_column vc_column_container texto-info\"><div class=\"vc_column-inner\"><div class=\"wpb_wrapper\">\n\t<div class=\"wpb_text_column  descrp\">\n\t\t<div class=\"wpb_wrapper\">\n\t\t\t<h2>HIDRACAR<br \/>\nFOR AGRICULTURE<\/h2>\n\n\t\t<\/div>\n\t<\/div>\n\n\t<div class=\"wpb_text_column  txt\">\n\t\t<div class=\"wpb_wrapper\">\n\t\t\t<p style=\"text-align: left;\"><strong>HIDRACAR S.A.<\/strong> designs and manufactures suspension systems for all types of agricultural trailers. The suspension effectiveness is assured both under load and empty.<\/p>\n\n\t\t<\/div>\n\t<\/div>\n<div class=\"w-btn-wrapper align_left\"><a class=\"w-btn style_flat color_custom icon_atright\" href=\"https:\/\/pulsation-dampers-hidracar.com\/en\/products\/for-agriculture\/\" style=\"font-size:20px;background-color:#1f1f1f;color:#ffffff;\"><i class=\"fas fa-angle-double-right\"><\/i><span class=\"w-btn-label\">See products<\/span><\/a><\/div><div class=\"w-btn-wrapper align_left\"><a class=\"w-btn style_flat color_custom icon_atright\" href=\"https:\/\/pulsation-dampers-hidracar.com\/wp-content\/uploads\/2023\/02\/Cat\u00e1logo-agr\u00edcola-biling\u00fce-esp-ing.pdf\" style=\"font-size:20px;background-color:#1f1f1f;color:#ffffff;\"><i class=\"fas fa-angle-double-right\"><\/i><span class=\"w-btn-label\">See catalogue<\/span><\/a><\/div><\/div><\/div><\/div><div class=\"vc_col-sm-6 wpb_column vc_column_container\"><div class=\"vc_column-inner\"><div class=\"wpb_wrapper\"><\/div><\/div><\/div><\/div><\/div><\/section>\n<\/div><\/div><\/div>","protected":false},"excerpt":{"rendered":"QUALITY IN EVERY SINGLE DETAIL Our R+D+I team works on the continuous improvement of our products and the implementation of new technologies. The launch of new products, capable of meeting increasingly demanding requirements, is a priority for us. HIDRACAR PULSATION DAMPERS Since 1974 HIDRACAR S.A. manufactures pulsation dampers for installation in circuits equipped with dosing...","protected":false},"author":2,"featured_media":0,"parent":0,"menu_order":0,"comment_status":"closed","ping_status":"open","template":"","meta":{"footnotes":"","_links_to":"","_links_to_target":""},"class_list":["post-1732","page","type-page","status-publish","hentry"],"yoast_head":"<!-- This site is optimized with the Yoast SEO plugin v26.8 - https:\/\/yoast.com\/product\/yoast-seo-wordpress\/ -->\n<title>Discover Hidracar products. Quality in every single detail<\/title>\n<meta name=\"description\" content=\"Hidracar products: pulsation dampeners, oleo-pneumatic accumulators, shock absorbers, hydrostatic dynamometers, starters for diesel engines and others\" \/>\n<meta name=\"robots\" content=\"index, follow, max-snippet:-1, max-image-preview:large, max-video-preview:-1\" \/>\n<link rel=\"canonical\" href=\"https:\/\/pulsation-dampers-hidracar.com\/en\/products\/\" \/>\n<meta property=\"og:locale\" content=\"en_US\" \/>\n<meta property=\"og:type\" content=\"article\" \/>\n<meta property=\"og:title\" content=\"Discover Hidracar products. Quality in every single detail\" \/>\n<meta property=\"og:description\" content=\"Hidracar products: pulsation dampeners, oleo-pneumatic accumulators, shock absorbers, hydrostatic dynamometers, starters for diesel engines and others\" \/>\n<meta property=\"og:url\" content=\"https:\/\/pulsation-dampers-hidracar.com\/en\/products\/\" \/>\n<meta property=\"og:site_name\" content=\"Hidracar\" \/>\n<meta property=\"article:modified_time\" content=\"2026-02-19T10:24:04+00:00\" \/>\n<meta name=\"twitter:card\" content=\"summary_large_image\" \/>\n<meta name=\"twitter:label1\" content=\"Est. reading time\" \/>\n\t<meta name=\"twitter:data1\" content=\"2 minutes\" \/>\n<script type=\"application\/ld+json\" class=\"yoast-schema-graph\">{\"@context\":\"https:\/\/schema.org\",\"@graph\":[{\"@type\":\"WebPage\",\"@id\":\"https:\/\/pulsation-dampers-hidracar.com\/en\/products\/\",\"url\":\"https:\/\/pulsation-dampers-hidracar.com\/en\/products\/\",\"name\":\"Discover Hidracar products. Quality in every single detail\",\"isPartOf\":{\"@id\":\"https:\/\/pulsation-dampers-hidracar.com\/en\/#website\"},\"datePublished\":\"2018-10-29T11:36:37+00:00\",\"dateModified\":\"2026-02-19T10:24:04+00:00\",\"description\":\"Hidracar products: pulsation dampeners, oleo-pneumatic accumulators, shock absorbers, hydrostatic dynamometers, starters for diesel engines and others\",\"breadcrumb\":{\"@id\":\"https:\/\/pulsation-dampers-hidracar.com\/en\/products\/#breadcrumb\"},\"inLanguage\":\"en-US\",\"potentialAction\":[{\"@type\":\"ReadAction\",\"target\":[\"https:\/\/pulsation-dampers-hidracar.com\/en\/products\/\"]}]},{\"@type\":\"BreadcrumbList\",\"@id\":\"https:\/\/pulsation-dampers-hidracar.com\/en\/products\/#breadcrumb\",\"itemListElement\":[{\"@type\":\"ListItem\",\"position\":1,\"name\":\"Portada\",\"item\":\"https:\/\/pulsation-dampers-hidracar.com\/en\/\"},{\"@type\":\"ListItem\",\"position\":2,\"name\":\"Products\"}]},{\"@type\":\"WebSite\",\"@id\":\"https:\/\/pulsation-dampers-hidracar.com\/en\/#website\",\"url\":\"https:\/\/pulsation-dampers-hidracar.com\/en\/\",\"name\":\"Hidracar\",\"description\":\"Manufacturer of pulsation dampeners\",\"potentialAction\":[{\"@type\":\"SearchAction\",\"target\":{\"@type\":\"EntryPoint\",\"urlTemplate\":\"https:\/\/pulsation-dampers-hidracar.com\/en\/?s={search_term_string}\"},\"query-input\":{\"@type\":\"PropertyValueSpecification\",\"valueRequired\":true,\"valueName\":\"search_term_string\"}}],\"inLanguage\":\"en-US\"}]}<\/script>\n<!-- \/ Yoast SEO plugin. -->","yoast_head_json":{"title":"Discover Hidracar products. Quality in every single detail","description":"Hidracar products: pulsation dampeners, oleo-pneumatic accumulators, shock absorbers, hydrostatic dynamometers, starters for diesel engines and others","robots":{"index":"index","follow":"follow","max-snippet":"max-snippet:-1","max-image-preview":"max-image-preview:large","max-video-preview":"max-video-preview:-1"},"canonical":"https:\/\/pulsation-dampers-hidracar.com\/en\/products\/","og_locale":"en_US","og_type":"article","og_title":"Discover Hidracar products. Quality in every single detail","og_description":"Hidracar products: pulsation dampeners, oleo-pneumatic accumulators, shock absorbers, hydrostatic dynamometers, starters for diesel engines and others","og_url":"https:\/\/pulsation-dampers-hidracar.com\/en\/products\/","og_site_name":"Hidracar","article_modified_time":"2026-02-19T10:24:04+00:00","twitter_card":"summary_large_image","twitter_misc":{"Est. reading time":"2 minutes"},"schema":{"@context":"https:\/\/schema.org","@graph":[{"@type":"WebPage","@id":"https:\/\/pulsation-dampers-hidracar.com\/en\/products\/","url":"https:\/\/pulsation-dampers-hidracar.com\/en\/products\/","name":"Discover Hidracar products. Quality in every single detail","isPartOf":{"@id":"https:\/\/pulsation-dampers-hidracar.com\/en\/#website"},"datePublished":"2018-10-29T11:36:37+00:00","dateModified":"2026-02-19T10:24:04+00:00","description":"Hidracar products: pulsation dampeners, oleo-pneumatic accumulators, shock absorbers, hydrostatic dynamometers, starters for diesel engines and others","breadcrumb":{"@id":"https:\/\/pulsation-dampers-hidracar.com\/en\/products\/#breadcrumb"},"inLanguage":"en-US","potentialAction":[{"@type":"ReadAction","target":["https:\/\/pulsation-dampers-hidracar.com\/en\/products\/"]}]},{"@type":"BreadcrumbList","@id":"https:\/\/pulsation-dampers-hidracar.com\/en\/products\/#breadcrumb","itemListElement":[{"@type":"ListItem","position":1,"name":"Portada","item":"https:\/\/pulsation-dampers-hidracar.com\/en\/"},{"@type":"ListItem","position":2,"name":"Products"}]},{"@type":"WebSite","@id":"https:\/\/pulsation-dampers-hidracar.com\/en\/#website","url":"https:\/\/pulsation-dampers-hidracar.com\/en\/","name":"Hidracar","description":"Manufacturer of pulsation dampeners","potentialAction":[{"@type":"SearchAction","target":{"@type":"EntryPoint","urlTemplate":"https:\/\/pulsation-dampers-hidracar.com\/en\/?s={search_term_string}"},"query-input":{"@type":"PropertyValueSpecification","valueRequired":true,"valueName":"search_term_string"}}],"inLanguage":"en-US"}]}},"_links":{"self":[{"href":"https:\/\/pulsation-dampers-hidracar.com\/en\/wp-json\/wp\/v2\/pages\/1732","targetHints":{"allow":["GET"]}}],"collection":[{"href":"https:\/\/pulsation-dampers-hidracar.com\/en\/wp-json\/wp\/v2\/pages"}],"about":[{"href":"https:\/\/pulsation-dampers-hidracar.com\/en\/wp-json\/wp\/v2\/types\/page"}],"author":[{"embeddable":true,"href":"https:\/\/pulsation-dampers-hidracar.com\/en\/wp-json\/wp\/v2\/users\/2"}],"replies":[{"embeddable":true,"href":"https:\/\/pulsation-dampers-hidracar.com\/en\/wp-json\/wp\/v2\/comments?post=1732"}],"version-history":[{"count":33,"href":"https:\/\/pulsation-dampers-hidracar.com\/en\/wp-json\/wp\/v2\/pages\/1732\/revisions"}],"predecessor-version":[{"id":13979,"href":"https:\/\/pulsation-dampers-hidracar.com\/en\/wp-json\/wp\/v2\/pages\/1732\/revisions\/13979"}],"wp:attachment":[{"href":"https:\/\/pulsation-dampers-hidracar.com\/en\/wp-json\/wp\/v2\/media?parent=1732"}],"curies":[{"name":"wp","href":"https:\/\/api.w.org\/{rel}","templated":true}]}}